{"id":24,"date":"2025-08-13T11:42:23","date_gmt":"2025-08-13T11:42:23","guid":{"rendered":"https:\/\/www.ccma.cz\/?page_id=24"},"modified":"2025-08-15T13:18:10","modified_gmt":"2025-08-15T13:18:10","slug":"tomas-alusik-doc-phdr-ph-d","status":"publish","type":"page","link":"https:\/\/www.ccma.cz\/?page_id=24","title":{"rendered":"Doc. PhDr. Tom\u00e1\u0161 Alu\u0161\u00edk, Ph.D"},"content":{"rendered":"<style>.kb-image24_f99ee4-25.kb-image-is-ratio-size, .kb-image24_f99ee4-25 .kb-image-is-ratio-size{max-width:270px;width:100%;}.wp-block-kadence-column > .kt-inside-inner-col > .kb-image24_f99ee4-25.kb-image-is-ratio-size, .wp-block-kadence-column > .kt-inside-inner-col > .kb-image24_f99ee4-25 .kb-image-is-ratio-size{align-self:unset;}.kb-image24_f99ee4-25 figure{max-width:270px;}.kb-image24_f99ee4-25 .image-is-svg, .kb-image24_f99ee4-25 .image-is-svg img{width:100%;}.kb-image24_f99ee4-25 .kb-image-has-overlay:after{opacity:0.3;}<\/style>\n<div class=\"wp-block-kadence-image kb-image24_f99ee4-25\"><figure class=\"alignleft size-large\"><img loading=\"lazy\" decoding=\"async\" width=\"1024\" height=\"812\" src=\"https:\/\/www.ccma.cz\/wp-content\/uploads\/2025\/08\/IMG_0574-1024x812.jpg\" alt=\"\" class=\"kb-img wp-image-35\" srcset=\"https:\/\/www.ccma.cz\/wp-content\/uploads\/2025\/08\/IMG_0574-1024x812.jpg 1024w, https:\/\/www.ccma.cz\/wp-content\/uploads\/2025\/08\/IMG_0574-300x238.jpg 300w, https:\/\/www.ccma.cz\/wp-content\/uploads\/2025\/08\/IMG_0574-768x609.jpg 768w, https:\/\/www.ccma.cz\/wp-content\/uploads\/2025\/08\/IMG_0574-1536x1219.jpg 1536w, https:\/\/www.ccma.cz\/wp-content\/uploads\/2025\/08\/IMG_0574-2048x1625.jpg 2048w, https:\/\/www.ccma.cz\/wp-content\/uploads\/2025\/08\/IMG_0574-15x12.jpg 15w\" sizes=\"auto, (max-width: 1024px) 100vw, 1024px\" \/><\/figure><\/div>\n\n\n\n<p>Tom\u00e1\u0161 Alu\u0161\u00edk je absolventem magistersk\u00e9ho (2001) a doktorsk\u00e9ho studia (2005) klasick\u00e9 archeologie na Filozofick\u00e9 fakult\u011b Univerzity Karlovy v&nbsp;Praze. B\u011bhem doktorsk\u00e9ho studia se tak\u00e9 z\u00fa\u010dastnil stipendijn\u00edch pobyt\u016f na v\u00edde\u0148sk\u00e9 univerzit\u011b (2004) a v Cyprus American Archaeological Research Institute v&nbsp;Nic\u00f3sii (2005). Po n\u011bkolika letech p\u016fsoben\u00ed v&nbsp;oblasti managementu kulturn\u00edho d\u011bdictv\u00ed a pam\u00e1tek UNESCO je od roku 2015 zam\u011bstn\u00e1n na \u00dastavu d\u011bjin l\u00e9ka\u0159stv\u00ed a ciz\u00edch jazyk\u016f 1. LF UK, kde se v&nbsp;roce 2019 habilitoval v&nbsp;oboru D\u011bjiny l\u00e9ka\u0159stv\u00ed. T\u00e9matem jeho habilita\u010dn\u00ed pr\u00e1ce byly \u201eD\u011bjiny l\u00e9ka\u0159stv\u00ed a zdravotn\u00ed stav populace v&nbsp;\u0158ecku p\u0159ed rokem 500 p\u0159. Kr.\u201c<\/p>\n\n\n\n<p>Ji\u017e b\u011bhem magistersk\u00e9ho studia se zab\u00fdval prehistori\u00ed egejsk\u00e9 oblasti a Kypru, zejm\u00e9na prehistorickou archeologi\u00ed Kr\u00e9ty a kykladsk\u00fdch ostrov\u016f. T\u00e9matem jeho doktorsk\u00e9 dizertace byly \u201eFortifikace na m\u00ednojsk\u00e9 Kr\u00e9t\u011b a jejich egejsk\u00e9 obdoby\u201c. Disertace vy\u0161la v&nbsp;kv\u011btnu 2007 v&nbsp;anglick\u00e9m jazyce v oxfordsk\u00e9m nakladatelstv\u00ed Archaeopress. V&nbsp;posledn\u00edch letech se krom\u011b egejsk\u00e9 prehistorie (se zam\u011b\u0159en\u00edm na \u0161ir\u0161\u00ed sf\u00e9ru v\u00e1le\u010dnictv\u00ed) zab\u00fdv\u00e1 tak\u00e9 3D rekonstrukcemi archeologick\u00fdch lokalit, d\u011bjinami klasick\u00e9 archeologie, biokodikologi\u00ed a p\u0159edev\u0161\u00edm archeologi\u00ed medic\u00edny v&nbsp;prav\u011bku a (antick\u00e9m) starov\u011bku, osteoarcheologi\u00ed a paleopatologi\u00ed.<\/p>\n\n\n\n<p>V&nbsp;sou\u010dasn\u00e9 dob\u011b se specializuje zejm\u00e9na na paleopatologii a archeologii medic\u00edny v&nbsp;prehistorick\u00e9m a klasick\u00e9m \u0158ecku, a to z&nbsp;interdisciplin\u00e1rn\u00edho pohledu, kter\u00fd kombinuje v\u00fdpov\u011b\u010f dochovan\u00fdch lidsk\u00fdch kostern\u00edch ostatk\u016f a archeologick\u00fdch i liter\u00e1rn\u00edch pramen\u016f a u\u017e\u00edv\u00e1 modern\u00edch archeometrick\u00fdch metod. Je hlavn\u00edm \u0159e\u0161itelem projektu re-identifikace a nov\u00e9ho zpracov\u00e1n\u00ed artefakt\u016f z&nbsp;lokalit Asklepieion-Pythion a svatyn\u011b Eileithyie na ostrov\u011b Paros v&nbsp;Kykladech (Asklepieion of Paros Re-Study Project). Je spolu\u0159editelem (s Dr. Andonisem Vasilakisem, \u010cestn\u00fdm eforem staro\u017eitnost\u00ed \u0158ecka) projektu Porti-Miamou (The Porti-Miamou Project), zam\u011b\u0159en\u00e9ho na povrchovou dokumentaci ve\u0161ker\u00fdch dochovan\u00fdch zbytk\u016f architektury, tj. vytvo\u0159en\u00ed nov\u00fdch aktu\u00e1ln\u00edch pl\u00e1n\u016f, a men\u0161\u00ed archeologick\u00fd povrchov\u00fd pr\u016fzkum bl\u00edzk\u00e9ho okol\u00ed dvou prehistorick\u00fdch lokalit na ji\u017en\u00ed Kr\u00e9t\u011b \u2013 Porti a Miamou. Ter\u00e9nn\u00ed \u010d\u00e1st projektu prob\u011bhla v&nbsp;letech 2015 a 2016, zpracov\u00e1n\u00ed v\u00fdsledk\u016f prob\u00edh\u00e1 od roku 2017. Od roku 2021 se zab\u00fdv\u00e1 i anal\u00fdzami sediment\u016f z&nbsp;historick\u00fdch (zejm\u00e9na antick\u00fdch) vodovod\u016f. Od roku 2023 je \u0159editelem projektu zpracov\u00e1n\u00ed lidsk\u00fdch kostern\u00edch ostatk\u016f z&nbsp;antick\u00e9ho \u0159eck\u00e9ho m\u011bstsk\u00e9ho st\u00e1tu Megara, asi 40 km severoz\u00e1padn\u011b od Ath\u00e9n \u2013 Life and Death in Ancient Megara Project \u2013 \u0159e\u0161en\u00e9ho spole\u010dn\u011b s&nbsp;Christinou Kazazaki, MA, (Efor\u00e1t staro\u017eitnost\u00ed z\u00e1padn\u00ed Attiky) a Dr. Annou Pankowskou (Z\u010cU Plze\u0148).<\/p>\n\n\n\n<p>V&nbsp;r\u00e1mci sv\u00e9 odborn\u00e9 \u010dinnosti se Tom\u00e1\u0161 Alu\u0161\u00edk pravideln\u011b \u00fa\u010dastn\u00ed ter\u00e9nn\u00edch i muzejn\u00edch v\u00fdzkum\u016f v&nbsp;Turecku (Istanbul, 2006-2013) a \u0158ecku (od roku 2007, na 9 ostrovech \u2013 Kr\u00e9ta, Evia, Keros a Daskalio, Karpathos, Naxos, Amorgos, Paros a Kato Koufonisi). Aktivn\u011b se z\u00fa\u010dastnil v\u00edce jak 35 mezin\u00e1rodn\u00edch konferenc\u00ed (v\u011bt\u0161ina z&nbsp;nich v&nbsp;zahrani\u010d\u00ed \u2013 nap\u0159. v Ath\u00e9n\u00e1ch, Oxfordu, V\u00eddni nebo Herakleionu).&nbsp;Publikoval 2 monografie, pod\u00edlel se na tvorb\u011b 3 kolektivn\u00edch editovan\u00fdch monografi\u00ed a je autorem v\u00edce ne\u017e 50 odborn\u00fdch \u010dl\u00e1nk\u016f (p\u0159edev\u0161\u00edm v&nbsp;zahrani\u010dn\u00edch \u010dasopisech nebo konferen\u010dn\u00edch sborn\u00edc\u00edch). Vzhledem ke sv\u00fdm interdisciplin\u00e1rn\u00edm odborn\u00fdm z\u00e1jm\u016fm se jeho pr\u00e1ce objevuj\u00ed v&nbsp;publikac\u00edch nejen z oboru&nbsp;archeologie, ale tak\u00e9 architektury, l\u00e9ka\u0159stv\u00ed a fotogrammetrie.<\/p>\n\n\n\n<p>V\u00fdb\u011br z\u00a0publika\u010dn\u00ed \u010dinnosti: <a href=\"about:blank\">https:\/\/cuni.academia.edu\/TomasAlusik<\/a><\/p>\n\n\n\n<ul class=\"wp-block-list\">\n<li>Alu\u0161\u00edk, T. \u2013 Alu\u0161\u00edkov\u00e1 Dostal\u00edkov\u00e1, P. 2025: <em>Otto Rubensohn\u2019s Excavations on Paros I: The Sanctuaries on Kounados Hill<\/em>. Archaeopress, Oxford.<\/li>\n\n\n\n<li>Alu\u0161\u00edk, T., 2007: <em>Defensive Architecture of Prehistoric Crete<\/em>. BAR IntSer 1637, Archaeopress, Oxford.<\/li>\n\n\n\n<li>Alu\u0161\u00edk, T. \u2013 Alu\u0161\u00edkov\u00e1 Dostal\u00edkov\u00e1, P., 2024: Antick\u00e1 svatyn\u011b boha l\u00e9ka\u0159stv\u00ed Askl\u00e9pia na ostrov\u011b Paros v\u00a0\u0158ecku. <em>\u010casopis l\u00e9ka\u0159\u016f \u010desk\u00fdch<\/em> 163 (6)\/2024, p. 250-258.<\/li>\n\n\n\n<li>Alu\u0161\u00edk, T., 2023: Fortifications and Defensive Architecture. In: Kvapil, L. A. \u2013 Shelton, K. (eds.): <em>Brill\u2019s Companion to Warfare in the Bronze Age Aegean.<\/em> Leiden \u2013 Boston, p. 25-88.<\/li>\n\n\n\n<li>Vasilakis, A. \u2013 Alu\u0161\u00edk, T. \u2013 Charamis, P. \u2013 Semer\u00e1d, M. \u2013 \u0160mejda, L. \u2013 Kritikopoulou, E. \u2013 Alu\u0161\u00edkov\u00e1 Dostal\u00edkov\u00e1, P. 2019: The\u00a0Porti-Miamou\u00a0Project 2015-2016: 2015 Season Preliminary Report<em>.<\/em> In: <em>Proceedings of the 12th International Congress of Cretan Studies, Heraklion, 21.-25.9.2016<\/em>.\u00a0<a href=\"http:\/\/12iccs.proceedings.gr\/\" target=\"_blank\" rel=\"noreferrer noopener\">12iccs.proceedings.gr<\/a><\/li>\n\n\n\n<li>Alu\u0161\u00edk, T., 2018: Liter\u00e1rn\u00ed prameny k\u00a0\u0159eck\u00e9 medic\u00edn\u011b prehistorick\u00e9ho a \u201etemn\u00e9ho\u201c obdob\u00ed (do roku 600 p\u0159. Kr.) [Literary Sources on Greek Medicine of Prehistoric Era and the \u2018Dark\u2019 Age (Before 600 BCE)]. <em>Acta Universitatis Carolinae \u2013 Historia Universitatis Carolinae Pragensis <\/em>LVII (1)\/2018, pp. 49-58.<\/li>\n\n\n\n<li>Alu\u0161\u00edk, T., 2015: <em>Skull <\/em>Trepanations in Bronze Age Greece: An Archaeologist\u2019s View. <em>World Neurosurgery <\/em>84, 2, August 2015, pp. 214-217. DOI: <a href=\"https:\/\/10.1016\/j.wneu.2015.02.010\">https:\/\/10.1016\/j.wneu.2015.02.010<\/a> [IF\u00a02.417]<\/li>\n\n\n\n<li>Alu\u0161\u00edk, T. (with contribution by M. Chalupka and D. Kopernicky), 2011: 3D Virtual Reconstructions of Minoan Rural Sites: The Case of Livari Cheromylia (East Crete)<em>. <\/em>In: Remondino, F. \u2013 El-Hakim, S. (eds.): <em>Proceedings of the 4<sup>th<\/sup> ISPRS International Workshop 3D-ARCH 2011: \u201c3D Virtual Reconstruction and Visualization of Complex Architectures\u201d, Trento, Italy, 2-4 March 2011. International Archives of Photogrammetry, Remote Sensing and Spatial Information Sciences, Volume XXXVIII-5\/W16 <\/em>(<a href=\"http:\/\/www.isprs.org\/proceedings\/XXXVIII\/5-W16\/index.html\" target=\"_blank\" rel=\"noopener\">http:\/\/www.int-arch-photogramm-remote-sens-spatial-inf-sci.net\/XXXVIII-5-W16\/<\/a>)<\/li>\n<\/ul>\n","protected":false},"excerpt":{"rendered":"<p>Tom\u00e1\u0161 Alu\u0161\u00edk je absolventem magistersk\u00e9ho (2001) a doktorsk\u00e9ho studia (2005) klasick\u00e9 archeologie na Filozofick\u00e9 fakult\u011b Univerzity Karlovy v&nbsp;Praze. B\u011bhem doktorsk\u00e9ho studia se tak\u00e9 z\u00fa\u010dastnil stipendijn\u00edch pobyt\u016f na v\u00edde\u0148sk\u00e9 univerzit\u011b (2004) a v Cyprus American Archaeological Research Institute v&nbsp;Nic\u00f3sii (2005). Po n\u011bkolika letech p\u016fsoben\u00ed v&nbsp;oblasti managementu kulturn\u00edho d\u011bdictv\u00ed a pam\u00e1tek UNESCO je od roku 2015 zam\u011bstn\u00e1n&#8230;<\/p>\n","protected":false},"author":1,"featured_media":35,"parent":0,"menu_order":0,"comment_status":"closed","ping_status":"closed","template":"","meta":{"_kadence_starter_templates_imported_post":false,"_kad_post_transparent":"","_kad_post_title":"show","_kad_post_layout":"normal","_kad_post_sidebar_id":"","_kad_post_content_style":"","_kad_post_vertical_padding":"","_kad_post_feature":"","_kad_post_feature_position":"","_kad_post_header":false,"_kad_post_footer":false,"footnotes":""},"class_list":["post-24","page","type-page","status-publish","has-post-thumbnail","hentry"],"rankMath":{"parentDomain":"www.ccma.cz","noFollowDomains":[],"noFollowExcludeDomains":[],"noFollowExternalLinks":false,"featuredImageNotice":"Doporu\u010den\u00fd obr\u00e1zek by m\u011bl b\u00fdt alespo\u0148 200 x 200 pixel\u016f, aby jej bylo mo\u017en\u00e9 zachytit na Facebooku a na jin\u00fdch soci\u00e1ln\u00edch s\u00edt\u00edch.","pluginReviewed":false,"postSettings":{"linkSuggestions":true,"useFocusKeyword":false},"frontEndScore":false,"postName":"tomas-alusik-doc-phdr-ph-d","permalinkFormat":"https:\/\/www.ccma.cz\/?page_id=24","showLockModifiedDate":true,"assessor":{"focusKeywordLink":"https:\/\/www.ccma.cz\/wp-admin\/edit.php?focus_keyword=%focus_keyword%&post_type=%post_type%","hasTOCPlugin":{"kadence-blocks\/kadence-blocks.php":"Kadence Blocks"},"primaryTaxonomy":false,"serpData":{"title":"","description":"","focusKeywords":"","pillarContent":false,"canonicalUrl":"","breadcrumbTitle":"","advancedRobots":{"max-snippet":-1,"max-video-preview":-1,"max-image-preview":"large"},"facebookTitle":"","facebookDescription":"","facebookImage":"","facebookImageID":"","facebookHasOverlay":false,"facebookImageOverlay":"","facebookAuthor":"","twitterCardType":"","twitterUseFacebook":true,"twitterTitle":"","twitterDescription":"","twitterImage":"","twitterImageID":"","twitterHasOverlay":false,"twitterImageOverlay":"","twitterPlayerUrl":"","twitterPlayerSize":"","twitterPlayerStream":"","twitterPlayerStreamCtype":"","twitterAppDescription":"","twitterAppIphoneName":"","twitterAppIphoneID":"","twitterAppIphoneUrl":"","twitterAppIpadName":"","twitterAppIpadID":"","twitterAppIpadUrl":"","twitterAppGoogleplayName":"","twitterAppGoogleplayID":"","twitterAppGoogleplayUrl":"","twitterAppCountry":"","robots":{"index":true},"twitterAuthor":"u\u017eivatelsk\u00e9 jm\u00e9no","primaryTerm":0,"authorName":"ccmacz","titleTemplate":"%title% %sep% %sitename%","descriptionTemplate":"%excerpt%","showScoreFrontend":true,"lockModifiedDate":false},"powerWords":[],"diacritics":{"A":"[\\u0041\\u24B6\\uFF21\\u00C0\\u00C1\\u00C2\\u1EA6\\u1EA4\\u1EAA\\u1EA8\\u00C3\\u0100\\u0102\\u1EB0\\u1EAE\\u1EB4\\u1EB2\\u0226\\u01E0\\u00C4\\u01DE\\u1EA2\\u00C5\\u01FA\\u01CD\\u0200\\u0202\\u1EA0\\u1EAC\\u1EB6\\u1E00\\u0104\\u023A\\u2C6F]","AA":"[\\uA732]","AE":"[\\u00C6\\u01FC\\u01E2]","AO":"[\\uA734]","AU":"[\\uA736]","AV":"[\\uA738\\uA73A]","AY":"[\\uA73C]","B":"[\\u0042\\u24B7\\uFF22\\u1E02\\u1E04\\u1E06\\u0243\\u0182\\u0181]","C":"[\\u0043\\u24B8\\uFF23\\u0106\\u0108\\u010A\\u010C\\u00C7\\u1E08\\u0187\\u023B\\uA73E]","D":"[\\u0044\\u24B9\\uFF24\\u1E0A\\u010E\\u1E0C\\u1E10\\u1E12\\u1E0E\\u0110\\u018B\\u018A\\u0189\\uA779]","DZ":"[\\u01F1\\u01C4]","Dz":"[\\u01F2\\u01C5]","E":"[\\u0045\\u24BA\\uFF25\\u00C8\\u00C9\\u00CA\\u1EC0\\u1EBE\\u1EC4\\u1EC2\\u1EBC\\u0112\\u1E14\\u1E16\\u0114\\u0116\\u00CB\\u1EBA\\u011A\\u0204\\u0206\\u1EB8\\u1EC6\\u0228\\u1E1C\\u0118\\u1E18\\u1E1A\\u0190\\u018E]","F":"[\\u0046\\u24BB\\uFF26\\u1E1E\\u0191\\uA77B]","G":"[\\u0047\\u24BC\\uFF27\\u01F4\\u011C\\u1E20\\u011E\\u0120\\u01E6\\u0122\\u01E4\\u0193\\uA7A0\\uA77D\\uA77E]","H":"[\\u0048\\u24BD\\uFF28\\u0124\\u1E22\\u1E26\\u021E\\u1E24\\u1E28\\u1E2A\\u0126\\u2C67\\u2C75\\uA78D]","I":"[\\u0049\\u24BE\\uFF29\\u00CC\\u00CD\\u00CE\\u0128\\u012A\\u012C\\u0130\\u00CF\\u1E2E\\u1EC8\\u01CF\\u0208\\u020A\\u1ECA\\u012E\\u1E2C\\u0197]","J":"[\\u004A\\u24BF\\uFF2A\\u0134\\u0248]","K":"[\\u004B\\u24C0\\uFF2B\\u1E30\\u01E8\\u1E32\\u0136\\u1E34\\u0198\\u2C69\\uA740\\uA742\\uA744\\uA7A2]","L":"[\\u004C\\u24C1\\uFF2C\\u013F\\u0139\\u013D\\u1E36\\u1E38\\u013B\\u1E3C\\u1E3A\\u0141\\u023D\\u2C62\\u2C60\\uA748\\uA746\\uA780]","LJ":"[\\u01C7]","Lj":"[\\u01C8]","M":"[\\u004D\\u24C2\\uFF2D\\u1E3E\\u1E40\\u1E42\\u2C6E\\u019C]","N":"[\\u004E\\u24C3\\uFF2E\\u01F8\\u0143\\u00D1\\u1E44\\u0147\\u1E46\\u0145\\u1E4A\\u1E48\\u0220\\u019D\\uA790\\uA7A4]","NJ":"[\\u01CA]","Nj":"[\\u01CB]","O":"[\\u004F\\u24C4\\uFF2F\\u00D2\\u00D3\\u00D4\\u1ED2\\u1ED0\\u1ED6\\u1ED4\\u00D5\\u1E4C\\u022C\\u1E4E\\u014C\\u1E50\\u1E52\\u014E\\u022E\\u0230\\u00D6\\u022A\\u1ECE\\u0150\\u01D1\\u020C\\u020E\\u01A0\\u1EDC\\u1EDA\\u1EE0\\u1EDE\\u1EE2\\u1ECC\\u1ED8\\u01EA\\u01EC\\u00D8\\u01FE\\u0186\\u019F\\uA74A\\uA74C]","OI":"[\\u01A2]","OO":"[\\uA74E]","OU":"[\\u0222]","P":"[\\u0050\\u24C5\\uFF30\\u1E54\\u1E56\\u01A4\\u2C63\\uA750\\uA752\\uA754]","Q":"[\\u0051\\u24C6\\uFF31\\uA756\\uA758\\u024A]","R":"[\\u0052\\u24C7\\uFF32\\u0154\\u1E58\\u0158\\u0210\\u0212\\u1E5A\\u1E5C\\u0156\\u1E5E\\u024C\\u2C64\\uA75A\\uA7A6\\uA782]","S":"[\\u0053\\u24C8\\uFF33\\u1E9E\\u015A\\u1E64\\u015C\\u1E60\\u0160\\u1E66\\u1E62\\u1E68\\u0218\\u015E\\u2C7E\\uA7A8\\uA784]","T":"[\\u0054\\u24C9\\uFF34\\u1E6A\\u0164\\u1E6C\\u021A\\u0162\\u1E70\\u1E6E\\u0166\\u01AC\\u01AE\\u023E\\uA786]","TZ":"[\\uA728]","U":"[\\u0055\\u24CA\\uFF35\\u00D9\\u00DA\\u00DB\\u0168\\u1E78\\u016A\\u1E7A\\u016C\\u00DC\\u01DB\\u01D7\\u01D5\\u01D9\\u1EE6\\u016E\\u0170\\u01D3\\u0214\\u0216\\u01AF\\u1EEA\\u1EE8\\u1EEE\\u1EEC\\u1EF0\\u1EE4\\u1E72\\u0172\\u1E76\\u1E74\\u0244]","V":"[\\u0056\\u24CB\\uFF36\\u1E7C\\u1E7E\\u01B2\\uA75E\\u0245]","VY":"[\\uA760]","W":"[\\u0057\\u24CC\\uFF37\\u1E80\\u1E82\\u0174\\u1E86\\u1E84\\u1E88\\u2C72]","X":"[\\u0058\\u24CD\\uFF38\\u1E8A\\u1E8C]","Y":"[\\u0059\\u24CE\\uFF39\\u1EF2\\u00DD\\u0176\\u1EF8\\u0232\\u1E8E\\u0178\\u1EF6\\u1EF4\\u01B3\\u024E\\u1EFE]","Z":"[\\u005A\\u24CF\\uFF3A\\u0179\\u1E90\\u017B\\u017D\\u1E92\\u1E94\\u01B5\\u0224\\u2C7F\\u2C6B\\uA762]","a":"[\\u0061\\u24D0\\uFF41\\u1E9A\\u00E0\\u00E1\\u00E2\\u1EA7\\u1EA5\\u1EAB\\u1EA9\\u00E3\\u0101\\u0103\\u1EB1\\u1EAF\\u1EB5\\u1EB3\\u0227\\u01E1\\u00E4\\u01DF\\u1EA3\\u00E5\\u01FB\\u01CE\\u0201\\u0203\\u1EA1\\u1EAD\\u1EB7\\u1E01\\u0105\\u2C65\\u0250]","aa":"[\\uA733]","ae":"[\\u00E6\\u01FD\\u01E3]","ao":"[\\uA735]","au":"[\\uA737]","av":"[\\uA739\\uA73B]","ay":"[\\uA73D]","b":"[\\u0062\\u24D1\\uFF42\\u1E03\\u1E05\\u1E07\\u0180\\u0183\\u0253]","c":"[\\u0063\\u24D2\\uFF43\\u0107\\u0109\\u010B\\u010D\\u00E7\\u1E09\\u0188\\u023C\\uA73F\\u2184]","d":"[\\u0064\\u24D3\\uFF44\\u1E0B\\u010F\\u1E0D\\u1E11\\u1E13\\u1E0F\\u0111\\u018C\\u0256\\u0257\\uA77A]","dz":"[\\u01F3\\u01C6]","e":"[\\u0065\\u24D4\\uFF45\\u00E8\\u00E9\\u00EA\\u1EC1\\u1EBF\\u1EC5\\u1EC3\\u1EBD\\u0113\\u1E15\\u1E17\\u0115\\u0117\\u00EB\\u1EBB\\u011B\\u0205\\u0207\\u1EB9\\u1EC7\\u0229\\u1E1D\\u0119\\u1E19\\u1E1B\\u0247\\u025B\\u01DD]","f":"[\\u0066\\u24D5\\uFF46\\u1E1F\\u0192\\uA77C]","g":"[\\u0067\\u24D6\\uFF47\\u01F5\\u011D\\u1E21\\u011F\\u0121\\u01E7\\u0123\\u01E5\\u0260\\uA7A1\\u1D79\\uA77F]","h":"[\\u0068\\u24D7\\uFF48\\u0125\\u1E23\\u1E27\\u021F\\u1E25\\u1E29\\u1E2B\\u1E96\\u0127\\u2C68\\u2C76\\u0265]","hv":"[\\u0195]","i":"[\\u0069\\u24D8\\uFF49\\u00EC\\u00ED\\u00EE\\u0129\\u012B\\u012D\\u00EF\\u1E2F\\u1EC9\\u01D0\\u0209\\u020B\\u1ECB\\u012F\\u1E2D\\u0268\\u0131]","j":"[\\u006A\\u24D9\\uFF4A\\u0135\\u01F0\\u0249]","k":"[\\u006B\\u24DA\\uFF4B\\u1E31\\u01E9\\u1E33\\u0137\\u1E35\\u0199\\u2C6A\\uA741\\uA743\\uA745\\uA7A3]","l":"[\\u006C\\u24DB\\uFF4C\\u0140\\u013A\\u013E\\u1E37\\u1E39\\u013C\\u1E3D\\u1E3B\\u017F\\u0142\\u019A\\u026B\\u2C61\\uA749\\uA781\\uA747]","lj":"[\\u01C9]","m":"[\\u006D\\u24DC\\uFF4D\\u1E3F\\u1E41\\u1E43\\u0271\\u026F]","n":"[\\u006E\\u24DD\\uFF4E\\u01F9\\u0144\\u00F1\\u1E45\\u0148\\u1E47\\u0146\\u1E4B\\u1E49\\u019E\\u0272\\u0149\\uA791\\uA7A5]","nj":"[\\u01CC]","o":"[\\u006F\\u24DE\\uFF4F\\u00F2\\u00F3\\u00F4\\u1ED3\\u1ED1\\u1ED7\\u1ED5\\u00F5\\u1E4D\\u022D\\u1E4F\\u014D\\u1E51\\u1E53\\u014F\\u022F\\u0231\\u00F6\\u022B\\u1ECF\\u0151\\u01D2\\u020D\\u020F\\u01A1\\u1EDD\\u1EDB\\u1EE1\\u1EDF\\u1EE3\\u1ECD\\u1ED9\\u01EB\\u01ED\\u00F8\\u01FF\\u0254\\uA74B\\uA74D\\u0275]","oi":"[\\u01A3]","ou":"[\\u0223]","oo":"[\\uA74F]","p":"[\\u0070\\u24DF\\uFF50\\u1E55\\u1E57\\u01A5\\u1D7D\\uA751\\uA753\\uA755]","q":"[\\u0071\\u24E0\\uFF51\\u024B\\uA757\\uA759]","r":"[\\u0072\\u24E1\\uFF52\\u0155\\u1E59\\u0159\\u0211\\u0213\\u1E5B\\u1E5D\\u0157\\u1E5F\\u024D\\u027D\\uA75B\\uA7A7\\uA783]","s":"[\\u0073\\u24E2\\uFF53\\u015B\\u1E65\\u015D\\u1E61\\u0161\\u1E67\\u1E63\\u1E69\\u0219\\u015F\\u023F\\uA7A9\\uA785\\u1E9B]","ss":"[\\u00DF]","t":"[\\u0074\\u24E3\\uFF54\\u1E6B\\u1E97\\u0165\\u1E6D\\u021B\\u0163\\u1E71\\u1E6F\\u0167\\u01AD\\u0288\\u2C66\\uA787]","tz":"[\\uA729]","u":"[\\u0075\\u24E4\\uFF55\\u00F9\\u00FA\\u00FB\\u0169\\u1E79\\u016B\\u1E7B\\u016D\\u00FC\\u01DC\\u01D8\\u01D6\\u01DA\\u1EE7\\u016F\\u0171\\u01D4\\u0215\\u0217\\u01B0\\u1EEB\\u1EE9\\u1EEF\\u1EED\\u1EF1\\u1EE5\\u1E73\\u0173\\u1E77\\u1E75\\u0289]","v":"[\\u0076\\u24E5\\uFF56\\u1E7D\\u1E7F\\u028B\\uA75F\\u028C]","vy":"[\\uA761]","w":"[\\u0077\\u24E6\\uFF57\\u1E81\\u1E83\\u0175\\u1E87\\u1E85\\u1E98\\u1E89\\u2C73]","x":"[\\u0078\\u24E7\\uFF58\\u1E8B\\u1E8D]","y":"[\\u0079\\u24E8\\uFF59\\u1EF3\\u00FD\\u0177\\u1EF9\\u0233\\u1E8F\\u00FF\\u1EF7\\u1E99\\u1EF5\\u01B4\\u024F\\u1EFF]","z":"[\\u007A\\u24E9\\uFF5A\\u017A\\u1E91\\u017C\\u017E\\u1E93\\u1E95\\u01B6\\u0225\\u0240\\u2C6C\\uA763]"},"researchesTests":["contentHasTOC","contentHasShortParagraphs","contentHasAssets","keywordInTitle","keywordInMetaDescription","keywordInPermalink","keywordIn10Percent","keywordInContent","keywordInSubheadings","keywordInImageAlt","keywordDensity","keywordNotUsed","lengthContent","lengthPermalink","linksHasInternal","linksHasExternals","linksNotAllExternals","titleStartWithKeyword","titleSentiment","titleHasPowerWords","titleHasNumber","hasContentAI"],"hasRedirection":false,"hasBreadcrumb":false},"homeUrl":"https:\/\/www.ccma.cz","objectID":24,"objectType":"post","locale":"cs","localeFull":"cs_CZ","overlayImages":{"play":{"name":"Ikona p\u0159ehr\u00e1v\u00e1n\u00ed","url":"https:\/\/www.ccma.cz\/wp-content\/plugins\/seo-by-rank-math\/assets\/admin\/img\/icon-play.png","path":"\/data\/5\/b\/5b1cf02f-51c5-4879-ba42-b22c14b26065\/ccma.cz\/www\/wp-content\/plugins\/seo-by-rank-math\/assets\/admin\/img\/icon-play.png","position":"middle_center"},"gif":{"name":"GIF ikona","url":"https:\/\/www.ccma.cz\/wp-content\/plugins\/seo-by-rank-math\/assets\/admin\/img\/icon-gif.png","path":"\/data\/5\/b\/5b1cf02f-51c5-4879-ba42-b22c14b26065\/ccma.cz\/www\/wp-content\/plugins\/seo-by-rank-math\/assets\/admin\/img\/icon-gif.png","position":"middle_center"}},"defautOgImage":"https:\/\/www.ccma.cz\/wp-content\/plugins\/seo-by-rank-math\/assets\/admin\/img\/social-placeholder.jpg","customPermalinks":false,"isUserRegistered":false,"autoSuggestKeywords":false,"connectSiteUrl":"https:\/\/rankmath.com\/auth?site=https%3A%2F%2Fwww.ccma.cz&r=https%3A%2F%2Fwww.ccma.cz%2Findex.php%3Frest_route%3D%252Fwp%252Fv2%252Fpages%252F24%26nonce%3D31af7aeb24","maxTags":5,"trendsIcon":"<svg viewBox=\"0 0 610 610\"><path d=\"M18.85,446,174.32,290.48l58.08,58.08L76.93,504a14.54,14.54,0,0,1-20.55,0L18.83,466.48a14.54,14.54,0,0,1,0-20.55Z\" style=\"fill:#4285f4\"\/><path d=\"M242.65,242.66,377.59,377.6l-47.75,47.75a14.54,14.54,0,0,1-20.55,0L174.37,290.43l47.75-47.75A14.52,14.52,0,0,1,242.65,242.66Z\" style=\"fill:#ea4335\"\/><polygon points=\"319.53 319.53 479.26 159.8 537.34 217.88 377.61 377.62 319.53 319.53\" style=\"fill:#fabb05\"\/><path d=\"M594.26,262.73V118.61h0a16.94,16.94,0,0,0-16.94-16.94H433.2a16.94,16.94,0,0,0-12,28.92L565.34,274.71h0a16.94,16.94,0,0,0,28.92-12Z\" style=\"fill:#34a853\"\/><rect width=\"610\" height=\"610\" style=\"fill:none\"\/><\/svg>","showScore":true,"siteFavIcon":"data:image\/png;base64,iVBORw0KGgoAAAANSUhEUgAAABAAAAAQCAYAAAAf8\/9hAAABs0lEQVR4AWL4\/\/8\/RRjO8Iucx+noO0MWUDo16FYABMGP6ZfUcRnWtm27jVPbtm3bttuH2t3eFPcY9pLz7NxiLjCyVd87pKnHyqXyxtCs8APd0rnyxiu4qSeA3QEDrAwBDrT1s1Rc\/OrjLZwqVmOSu6+Lamcpp2KKMA9PH1BYXMe1mUP5qotvXTywsOEEYHXxrY+3cqk6TMkYpNr2FeoY3KIr0RPtn9wQ2unlA+GMkRw6+9TFw4YTwDUzx\/JVvARj9KaedXRO8P5B1Du2S32smzqUrcKGEyA+uAgQjKX7zf0boWHGfn71jIKj2689gxp7OAGShNcBUmLMPVjZuiKcA2vuWHHDCQxMCz629kXAIU4ApY15QwggAFbfOP9DhgBJ+nWVJ1AZAfICAj1pAlY6hCADZnveQf7bQIwzVONGJonhLIlS9gr5mFg44Xd+4S3XHoGNPdJl1INIwKyEgHckEhgTe1bGiFY9GSFBYUwLh1IkiJUbY407E7syBSFxKTszEoiE\/YdrgCEayDmtaJwCI9uu8TKMuZSVfSa4BpGgzvomBR\/INhLGzrqDotp01ZR8pn\/1L0JN9d9XNyx0AAAAAElFTkSuQmCC","canUser":{"general":false,"advanced":false,"snippet":false,"social":false,"analysis":false,"analytics":false,"content_ai":false},"showKeywordIntent":true,"isPro":false,"is_front_page":false,"trendsUpgradeLink":"https:\/\/rankmath.com\/pricing\/?utm_source=Plugin&utm_medium=CE%20General%20Tab%20Trends&utm_campaign=WP","trendsUpgradeLabel":"Upgradovat","trendsPreviewImage":"https:\/\/www.ccma.cz\/wp-content\/plugins\/seo-by-rank-math\/assets\/admin\/img\/trends-preview.jpg","currentEditor":false,"homepageData":{"assessor":{"powerWords":[],"diacritics":true,"researchesTests":["contentHasTOC","contentHasShortParagraphs","contentHasAssets","keywordInTitle","keywordInMetaDescription","keywordInPermalink","keywordIn10Percent","keywordInContent","keywordInSubheadings","keywordInImageAlt","keywordDensity","keywordNotUsed","lengthContent","lengthPermalink","linksHasInternal","linksHasExternals","linksNotAllExternals","titleStartWithKeyword","titleSentiment","titleHasPowerWords","titleHasNumber","hasContentAI"],"hasBreadcrumb":false,"serpData":{"title":"%sitename% %page% %sep% %sitedesc%","description":"","titleTemplate":"%sitename% %page% %sep% %sitedesc%","descriptionTemplate":"","focusKeywords":"","breadcrumbTitle":"Home","robots":{"index":true},"advancedRobots":{"max-snippet":-1,"max-video-preview":-1,"max-image-preview":"large"},"facebookTitle":"","facebookDescription":"","facebookImage":"","facebookImageID":""}}},"tocTitle":"Table of Contents","tocExcludeHeadings":[],"listStyle":"ul"},"_links":{"self":[{"href":"https:\/\/www.ccma.cz\/index.php?rest_route=\/wp\/v2\/pages\/24","targetHints":{"allow":["GET"]}}],"collection":[{"href":"https:\/\/www.ccma.cz\/index.php?rest_route=\/wp\/v2\/pages"}],"about":[{"href":"https:\/\/www.ccma.cz\/index.php?rest_route=\/wp\/v2\/types\/page"}],"author":[{"embeddable":true,"href":"https:\/\/www.ccma.cz\/index.php?rest_route=\/wp\/v2\/users\/1"}],"replies":[{"embeddable":true,"href":"https:\/\/www.ccma.cz\/index.php?rest_route=%2Fwp%2Fv2%2Fcomments&post=24"}],"version-history":[{"count":11,"href":"https:\/\/www.ccma.cz\/index.php?rest_route=\/wp\/v2\/pages\/24\/revisions"}],"predecessor-version":[{"id":162,"href":"https:\/\/www.ccma.cz\/index.php?rest_route=\/wp\/v2\/pages\/24\/revisions\/162"}],"wp:featuredmedia":[{"embeddable":true,"href":"https:\/\/www.ccma.cz\/index.php?rest_route=\/wp\/v2\/media\/35"}],"wp:attachment":[{"href":"https:\/\/www.ccma.cz\/index.php?rest_route=%2Fwp%2Fv2%2Fmedia&parent=24"}],"curies":[{"name":"wp","href":"https:\/\/api.w.org\/{rel}","templated":true}]}}